{"id":659,"date":"2012-05-05T01:41:16","date_gmt":"2012-05-04T23:41:16","guid":{"rendered":"http:\/\/geopodcast.dk\/podcast\/?page_id=659"},"modified":"2012-05-05T01:41:16","modified_gmt":"2012-05-04T23:41:16","slug":"geoudstyr","status":"publish","type":"page","link":"https:\/\/www.geopodcast.dk\/podcast\/geoudstyr\/","title":{"rendered":"Geoudstyr"},"content":{"rendered":"<p><strong>Basis:<\/strong><\/p>\n<ul>\n<li>GPS\/Smartphone<\/li>\n<li>Kuglepen<\/li>\n<li>Papir<\/li>\n<li>Batterier<\/li>\n<li>Lygte (pandelampe)<\/li>\n<li>Egnet p\u00e5kl\u00e6dning<\/li>\n<\/ul>\n<p><strong>Udvidet\/n\u00f8rdet:<\/strong><\/p>\n<ul>\n<li>Geoextractor<\/li>\n<li>Gaffatape<\/li>\n<li>Stige (foldestige)<\/li>\n<li>Magneter<\/li>\n<li>Snor<\/li>\n<li>Reb<\/li>\n<li>UV-lys<\/li>\n<li>Ekstra logb\u00f8ger (n\u00f8d-logb\u00f8ger)<\/li>\n<li>Ekstra beholdere<\/li>\n<li>M\u00f8trik<\/li>\n<li>Pincet (stor og lille)<\/li>\n<li>Vaders<\/li>\n<\/ul>\n<p><strong>Extremt:<\/strong><\/p>\n<ul>\n<li>Klatreudstyr<\/li>\n<li>Dykkerudstyr<\/li>\n<li>B\u00e5d<\/li>\n<\/ul>\n","protected":false},"excerpt":{"rendered":"<p>Basis: GPS\/Smartphone Kuglepen Papir Batterier Lygte (pandelampe) Egnet p\u00e5kl\u00e6dning Udvidet\/n\u00f8rdet: Geoextractor Gaffatape Stige (foldestige) Magneter Snor Reb UV-lys Ekstra logb\u00f8ger (n\u00f8d-logb\u00f8ger) Ekstra beholdere M\u00f8trik Pincet (stor og lille) Vaders Extremt: Klatreudstyr Dykkerudstyr B\u00e5d<\/p>\n","protected":false},"author":2,"featured_media":0,"parent":0,"menu_order":0,"comment_status":"open","ping_status":"open","template":"","meta":{"footnotes":""},"class_list":["post-659","page","type-page","status-publish","hentry"],"yoast_head":"<!-- This site is optimized with the Yoast SEO plugin v27.4 - https:\/\/yoast.com\/product\/yoast-seo-wordpress\/ -->\n<title>Geoudstyr - Dansk Geopodcast<\/title>\n<meta name=\"robots\" content=\"index, follow, max-snippet:-1, max-image-preview:large, max-video-preview:-1\" \/>\n<link rel=\"canonical\" href=\"https:\/\/www.geopodcast.dk\/podcast\/geoudstyr\/\" \/>\n<meta property=\"og:locale\" content=\"da_DK\" \/>\n<meta property=\"og:type\" content=\"article\" \/>\n<meta property=\"og:title\" content=\"Geoudstyr - Dansk Geopodcast\" \/>\n<meta property=\"og:description\" content=\"Basis: GPS\/Smartphone Kuglepen Papir Batterier Lygte (pandelampe) Egnet p\u00e5kl\u00e6dning Udvidet\/n\u00f8rdet: Geoextractor Gaffatape Stige (foldestige) Magneter Snor Reb UV-lys Ekstra logb\u00f8ger (n\u00f8d-logb\u00f8ger) Ekstra beholdere M\u00f8trik Pincet (stor og lille) Vaders Extremt: Klatreudstyr Dykkerudstyr B\u00e5d\" \/>\n<meta property=\"og:url\" content=\"https:\/\/www.geopodcast.dk\/podcast\/geoudstyr\/\" \/>\n<meta property=\"og:site_name\" content=\"Dansk Geopodcast\" \/>\n<meta property=\"article:publisher\" content=\"https:\/\/www.facebook.com\/Geopodcast\/\" \/>\n<meta name=\"twitter:card\" content=\"summary_large_image\" \/>\n<meta name=\"twitter:site\" content=\"@Danskgeopodcast\" \/>\n<script type=\"application\/ld+json\" class=\"yoast-schema-graph\">{\"@context\":\"https:\\\/\\\/schema.org\",\"@graph\":[{\"@type\":\"WebPage\",\"@id\":\"https:\\\/\\\/www.geopodcast.dk\\\/podcast\\\/geoudstyr\\\/\",\"url\":\"https:\\\/\\\/www.geopodcast.dk\\\/podcast\\\/geoudstyr\\\/\",\"name\":\"Geoudstyr - Dansk Geopodcast\",\"isPartOf\":{\"@id\":\"https:\\\/\\\/www.geopodcast.dk\\\/podcast\\\/#website\"},\"datePublished\":\"2012-05-04T23:41:16+00:00\",\"breadcrumb\":{\"@id\":\"https:\\\/\\\/www.geopodcast.dk\\\/podcast\\\/geoudstyr\\\/#breadcrumb\"},\"inLanguage\":\"da-DK\",\"potentialAction\":[{\"@type\":\"ReadAction\",\"target\":[\"https:\\\/\\\/www.geopodcast.dk\\\/podcast\\\/geoudstyr\\\/\"]}]},{\"@type\":\"BreadcrumbList\",\"@id\":\"https:\\\/\\\/www.geopodcast.dk\\\/podcast\\\/geoudstyr\\\/#breadcrumb\",\"itemListElement\":[{\"@type\":\"ListItem\",\"position\":1,\"name\":\"Hjem\",\"item\":\"https:\\\/\\\/www.geopodcast.dk\\\/podcast\\\/\"},{\"@type\":\"ListItem\",\"position\":2,\"name\":\"Geoudstyr\"}]},{\"@type\":\"WebSite\",\"@id\":\"https:\\\/\\\/www.geopodcast.dk\\\/podcast\\\/#website\",\"url\":\"https:\\\/\\\/www.geopodcast.dk\\\/podcast\\\/\",\"name\":\"Dansk Geopodcast\",\"description\":\"En dansk podcast om geocaching\",\"publisher\":{\"@id\":\"https:\\\/\\\/www.geopodcast.dk\\\/podcast\\\/#organization\"},\"potentialAction\":[{\"@type\":\"SearchAction\",\"target\":{\"@type\":\"EntryPoint\",\"urlTemplate\":\"https:\\\/\\\/www.geopodcast.dk\\\/podcast\\\/?s={search_term_string}\"},\"query-input\":{\"@type\":\"PropertyValueSpecification\",\"valueRequired\":true,\"valueName\":\"search_term_string\"}}],\"inLanguage\":\"da-DK\"},{\"@type\":\"Organization\",\"@id\":\"https:\\\/\\\/www.geopodcast.dk\\\/podcast\\\/#organization\",\"name\":\"Dansk Geopodcast\",\"url\":\"https:\\\/\\\/www.geopodcast.dk\\\/podcast\\\/\",\"logo\":{\"@type\":\"ImageObject\",\"inLanguage\":\"da-DK\",\"@id\":\"https:\\\/\\\/www.geopodcast.dk\\\/podcast\\\/#\\\/schema\\\/logo\\\/image\\\/\",\"url\":\"https:\\\/\\\/www.geopodcast.dk\\\/podcast\\\/wp-content\\\/uploads\\\/2014\\\/03\\\/dgp_logo.png\",\"contentUrl\":\"https:\\\/\\\/www.geopodcast.dk\\\/podcast\\\/wp-content\\\/uploads\\\/2014\\\/03\\\/dgp_logo.png\",\"width\":405,\"height\":148,\"caption\":\"Dansk Geopodcast\"},\"image\":{\"@id\":\"https:\\\/\\\/www.geopodcast.dk\\\/podcast\\\/#\\\/schema\\\/logo\\\/image\\\/\"},\"sameAs\":[\"https:\\\/\\\/www.facebook.com\\\/Geopodcast\\\/\",\"https:\\\/\\\/x.com\\\/Danskgeopodcast\",\"https:\\\/\\\/www.instagram.com\\\/dansk.geopodcast\\\/\"]}]}<\/script>\n<!-- \/ Yoast SEO plugin. -->","yoast_head_json":{"title":"Geoudstyr - Dansk Geopodcast","robots":{"index":"index","follow":"follow","max-snippet":"max-snippet:-1","max-image-preview":"max-image-preview:large","max-video-preview":"max-video-preview:-1"},"canonical":"https:\/\/www.geopodcast.dk\/podcast\/geoudstyr\/","og_locale":"da_DK","og_type":"article","og_title":"Geoudstyr - Dansk Geopodcast","og_description":"Basis: GPS\/Smartphone Kuglepen Papir Batterier Lygte (pandelampe) Egnet p\u00e5kl\u00e6dning Udvidet\/n\u00f8rdet: Geoextractor Gaffatape Stige (foldestige) Magneter Snor Reb UV-lys Ekstra logb\u00f8ger (n\u00f8d-logb\u00f8ger) Ekstra beholdere M\u00f8trik Pincet (stor og lille) Vaders Extremt: Klatreudstyr Dykkerudstyr B\u00e5d","og_url":"https:\/\/www.geopodcast.dk\/podcast\/geoudstyr\/","og_site_name":"Dansk Geopodcast","article_publisher":"https:\/\/www.facebook.com\/Geopodcast\/","twitter_card":"summary_large_image","twitter_site":"@Danskgeopodcast","schema":{"@context":"https:\/\/schema.org","@graph":[{"@type":"WebPage","@id":"https:\/\/www.geopodcast.dk\/podcast\/geoudstyr\/","url":"https:\/\/www.geopodcast.dk\/podcast\/geoudstyr\/","name":"Geoudstyr - Dansk Geopodcast","isPartOf":{"@id":"https:\/\/www.geopodcast.dk\/podcast\/#website"},"datePublished":"2012-05-04T23:41:16+00:00","breadcrumb":{"@id":"https:\/\/www.geopodcast.dk\/podcast\/geoudstyr\/#breadcrumb"},"inLanguage":"da-DK","potentialAction":[{"@type":"ReadAction","target":["https:\/\/www.geopodcast.dk\/podcast\/geoudstyr\/"]}]},{"@type":"BreadcrumbList","@id":"https:\/\/www.geopodcast.dk\/podcast\/geoudstyr\/#breadcrumb","itemListElement":[{"@type":"ListItem","position":1,"name":"Hjem","item":"https:\/\/www.geopodcast.dk\/podcast\/"},{"@type":"ListItem","position":2,"name":"Geoudstyr"}]},{"@type":"WebSite","@id":"https:\/\/www.geopodcast.dk\/podcast\/#website","url":"https:\/\/www.geopodcast.dk\/podcast\/","name":"Dansk Geopodcast","description":"En dansk podcast om geocaching","publisher":{"@id":"https:\/\/www.geopodcast.dk\/podcast\/#organization"},"potentialAction":[{"@type":"SearchAction","target":{"@type":"EntryPoint","urlTemplate":"https:\/\/www.geopodcast.dk\/podcast\/?s={search_term_string}"},"query-input":{"@type":"PropertyValueSpecification","valueRequired":true,"valueName":"search_term_string"}}],"inLanguage":"da-DK"},{"@type":"Organization","@id":"https:\/\/www.geopodcast.dk\/podcast\/#organization","name":"Dansk Geopodcast","url":"https:\/\/www.geopodcast.dk\/podcast\/","logo":{"@type":"ImageObject","inLanguage":"da-DK","@id":"https:\/\/www.geopodcast.dk\/podcast\/#\/schema\/logo\/image\/","url":"https:\/\/www.geopodcast.dk\/podcast\/wp-content\/uploads\/2014\/03\/dgp_logo.png","contentUrl":"https:\/\/www.geopodcast.dk\/podcast\/wp-content\/uploads\/2014\/03\/dgp_logo.png","width":405,"height":148,"caption":"Dansk Geopodcast"},"image":{"@id":"https:\/\/www.geopodcast.dk\/podcast\/#\/schema\/logo\/image\/"},"sameAs":["https:\/\/www.facebook.com\/Geopodcast\/","https:\/\/x.com\/Danskgeopodcast","https:\/\/www.instagram.com\/dansk.geopodcast\/"]}]}},"_links":{"self":[{"href":"https:\/\/www.geopodcast.dk\/podcast\/wp-json\/wp\/v2\/pages\/659","targetHints":{"allow":["GET"]}}],"collection":[{"href":"https:\/\/www.geopodcast.dk\/podcast\/wp-json\/wp\/v2\/pages"}],"about":[{"href":"https:\/\/www.geopodcast.dk\/podcast\/wp-json\/wp\/v2\/types\/page"}],"author":[{"embeddable":true,"href":"https:\/\/www.geopodcast.dk\/podcast\/wp-json\/wp\/v2\/users\/2"}],"replies":[{"embeddable":true,"href":"https:\/\/www.geopodcast.dk\/podcast\/wp-json\/wp\/v2\/comments?post=659"}],"version-history":[{"count":0,"href":"https:\/\/www.geopodcast.dk\/podcast\/wp-json\/wp\/v2\/pages\/659\/revisions"}],"wp:attachment":[{"href":"https:\/\/www.geopodcast.dk\/podcast\/wp-json\/wp\/v2\/media?parent=659"}],"curies":[{"name":"wp","href":"https:\/\/api.w.org\/{rel}","templated":true}]}}